{"id":71,"date":"2020-12-27T03:55:40","date_gmt":"2020-12-27T03:55:40","guid":{"rendered":"http:\/\/soelegancia.com.br\/?page_id=71"},"modified":"2024-10-16T03:07:14","modified_gmt":"2024-10-16T03:07:14","slug":"materialis","status":"publish","type":"page","link":"http:\/\/www.soelegancia.com.br\/","title":{"rendered":"Home"},"content":{"rendered":"<p  style=\"text-align: center;\">Quem Somos<\/p><p  style=\"text-align: left;\">Pioneira na integra\u00e7\u00e3o de servi\u00e7os para eventos sociais, como: Casamentos, Bodas, Formatura e 15 anos em S\u00e3o Jos\u00e9 dos Campos e Regi\u00e3o, o Grupo S\u00f3 Eleg\u00e2ncia oferece:<\/p><p  style=\"padding-left: 40px; text-align: left;\"><img decoding=\"async\"  loading=\"lazy\" src=\"http:\/\/soelegancia.com.br\/wp-content\/uploads\/2020\/12\/SoEleganciaCoroa-300x217.jpg\" alt=\"\" width=\"30\" height=\"22\"> Loca\u00e7\u00e3o de Trajes a Rigor<\/p><p  style=\"padding-left: 40px; text-align: left;\"><img decoding=\"async\"  loading=\"lazy\" src=\"http:\/\/soelegancia.com.br\/wp-content\/uploads\/2020\/12\/SoEleganciaCoroa-300x217.jpg\" alt=\"\" width=\"30\" height=\"22\"> Sal\u00e3o de Festas<\/p><p  style=\"padding-left: 40px; text-align: left;\"><img decoding=\"async\"  loading=\"lazy\" src=\"http:\/\/soelegancia.com.br\/wp-content\/uploads\/2020\/12\/SoEleganciaCoroa-300x217.jpg\" alt=\"\" width=\"30\" height=\"22\"> Dia da Noiva<\/p><p  style=\"text-align: left;\">A realiza\u00e7\u00e3o de um sonho \u00e9 o que nos motiva a executar com perfei\u00e7\u00e3o todos os servi\u00e7os oferecidos pela nossa Empresa, para isso contamos com uma equipe qualificada em todas as nossas \u00e1reas de atua\u00e7\u00e3o.<\/p><p  style=\"text-align: left;\">Venha&nbsp; nos visitar e surpreenda-se com nossa versatilidade , originalidade, qualidade e atendimento.<\/p><p  style=\"text-align: center;\">LOJAS<\/p><strong ><img decoding=\"async\"  loading=\"lazy\" src=\"http:\/\/soelegancia.com.br\/wp-content\/uploads\/2020\/12\/SoEleganciaCoroa-300x217.jpg\" alt=\"\" width=\"50\" height=\"36\">&nbsp;S\u00f3 Eleg\u00e2ncia Moda Festa<\/strong><b >Trajes e Acess\u00f3rios para Festas<\/b><b >&nbsp;Feminino e Masculino, Adulto e Infantil<\/b><p  style=\"text-align: left;\">Por ser uma loja multimarcas atendemos todos os estilos e gostos, sempre atualizada com as tend\u00eancias da moda, oferecemos tamb\u00e9m modelos tradicionais e atemporais.<\/p><p  style=\"text-align: left;\">Especializada em atender casamentos, trabalhamos com trajes padronizados para madrinhas e padrinhos.<\/p><p  style=\"text-align: left;\">A moda plus size \u00e9 um diferencial da loja, com modelos joviais e modelagem perfeita, atendemos sempre a expectativa dos nossos clientes.<\/p><iframe  title=\"R. Francisco Paes, 343 - Centro, S\u00e3o Jos\u00e9 dos Campos - SP, 12210-100\" src=\"https:\/\/maps.google.com\/maps?q=R.%20Francisco%20Paes%2C%20343%20-%20Centro%2C%20S%C3%A3o%20Jos%C3%A9%20dos%20Campos%20-%20SP%2C%2012210-100&amp;t=m&amp;z=10&amp;output=embed&amp;iwloc=near\" frameborder=\"0\" marginwidth=\"0\" marginheight=\"0\" scrolling=\"no\" aria-label=\"R. Francisco Paes, 343 - Centro, S\u00e3o Jos\u00e9 dos Campos - SP, 12210-100\"><\/iframe><b ><img decoding=\"async\"  loading=\"lazy\" src=\"http:\/\/soelegancia.com.br\/wp-content\/uploads\/2020\/12\/SoEleganciaCoroa-300x217.jpg\" alt=\"\" width=\"50\" height=\"36\">&nbsp;S\u00f3 Eleg\u00e2ncia Noivas<\/b><strong >Trajes e Acess\u00f3rios para Noivas, Debutantes, Damas e Floristas<\/strong><p  style=\"text-align: left;\">Oferecemos alto padr\u00e3o, inova\u00e7\u00e3o, qualidade e valores justos em vestidos de Noiva e Debutante.<\/p><p  style=\"text-align: left;\">Seguindo as tend\u00eancias e valorizando a identidade de cada um, temos a disposi\u00e7\u00e3o uma equipe de atendentes, estilista e modista, especializada e preparada para ouvi-la e juntos desenvolver vestidos sob medida, que realize o seu sonho com perfei\u00e7\u00e3o.<\/p><p  style=\"text-align: left;\">Al\u00e9m dos modelos exclusivos, trabalhamos com marcas famosas como Center Noivas, Via Sposa e Dolce Sposa.<\/p><p  style=\"text-align: left;\">Para as Noivas e Debutantes, que desejam sair prontas da loja, oferecemos o Dia da Noiva e Dia da Princesa, contamos com profissionais e parceiros qualificados para oferecer o penteado e a maquiagem dos sonhos, todos os procedimentos s\u00e3o realizados em ambientes confort\u00e1veis e tranquilos.<\/p><p  style=\"text-align: left;\">Com salas climatizadas, provadores amplos, estacionamento e atendentes especializados, procuramos atender com excel\u00eancia desde o primeiro atendimento at\u00e9 a entrega do traje.<\/p><p  style=\"text-align: left;\">As nossas cole\u00e7\u00f5es est\u00e3o sempre atualizadas nas nossas redes sociais, siga @soeleganciasjc e fique por dentro das novidades e promo\u00e7\u00f5es.<\/p><a href=\"https:\/\/www.facebook.com\/soeleganciapremium\" target=\"_blank\" rel=\"noopener\" class=\"\">\nFacebook\n<\/a><a href=\"https:\/\/www.instagram.com\/soeleganciasjc\" target=\"_blank\" rel=\"noopener\" class=\"\">\nInstagram\n<\/a><iframe  title=\"R. Francisco Paes, 373 - Centro, S\u00e3o Jos\u00e9 dos Campos - SP, 12210-100\" src=\"https:\/\/maps.google.com\/maps?q=R.%20Francisco%20Paes%2C%20373%20-%20Centro%2C%20S%C3%A3o%20Jos%C3%A9%20dos%20Campos%20-%20SP%2C%2012210-100&amp;t=m&amp;z=10&amp;output=embed&amp;iwloc=near\" frameborder=\"0\" marginwidth=\"0\" marginheight=\"0\" scrolling=\"no\" aria-label=\"R. Francisco Paes, 373 - Centro, S\u00e3o Jos\u00e9 dos Campos - SP, 12210-100\"><\/iframe><p  style=\"text-align: center;\"><b ><img decoding=\"async\"  loading=\"lazy\" src=\"http:\/\/soelegancia.com.br\/wp-content\/uploads\/2020\/12\/SoEleganciaCoroa-300x217.jpg\" alt=\"\" width=\"50\" height=\"36\">&nbsp;S\u00f3 Eleg\u00e2ncia Eventos<\/b><\/p><strong >O Espa\u00e7o mais Completo da Regi\u00e3o<\/strong><p  style=\"text-align: left;\">O conceito r\u00fastico e intimista \u00e9 o que melhor define o nosso sal\u00e3o, que far\u00e1 do seu evento um momento inesquec\u00edvel.<\/p><p  style=\"text-align: left;\">No S\u00f3 Eleg\u00e2ncia Eventos o seu sonho se tornar\u00e1 realidade em grande estilo, porque o nosso espa\u00e7o al\u00e9m de oferecer uma excelente infraestrutura f\u00edsica, facilita a organiza\u00e7\u00e3o da sua festa oferecendo servi\u00e7os de qualidade com valores acess\u00edveis.<\/p><p  style=\"text-align: left;\"><img decoding=\"async\"  loading=\"lazy\" src=\"http:\/\/soelegancia.com.br\/wp-content\/uploads\/2020\/12\/SoEleganciaCoroa-300x217.jpg\" alt=\"\" width=\"30\" height=\"22\"> Decora\u00e7\u00e3o no estilo R\u00fastico e Boho<\/p><p  style=\"text-align: left;\"><img decoding=\"async\"  loading=\"lazy\" src=\"http:\/\/soelegancia.com.br\/wp-content\/uploads\/2020\/12\/SoEleganciaCoroa-300x217.jpg\" alt=\"\" width=\"30\" height=\"22\"> Buffet<\/p><p  style=\"text-align: left;\"><img decoding=\"async\"  loading=\"lazy\" src=\"http:\/\/soelegancia.com.br\/wp-content\/uploads\/2020\/12\/SoEleganciaCoroa-300x217.jpg\" alt=\"\" width=\"30\" height=\"22\"> DJ<\/p><p  style=\"text-align: left;\"><img decoding=\"async\"  loading=\"lazy\" src=\"http:\/\/soelegancia.com.br\/wp-content\/uploads\/2020\/12\/SoEleganciaCoroa-300x217.jpg\" alt=\"\" width=\"30\" height=\"22\"> Totem Fotogr\u00e1fico<\/p><p  style=\"text-align: left;\"><img decoding=\"async\"  loading=\"lazy\" src=\"http:\/\/soelegancia.com.br\/wp-content\/uploads\/2020\/12\/SoEleganciaCoroa-300x217.jpg\" alt=\"\" width=\"30\" height=\"22\"> Bartender<\/p><p  style=\"text-align: left;\">Os nossos pacotes de servi\u00e7os est\u00e3o sempre atualizados nas nossas redes sociais, siga @soeleganciaeventos e fique por dentro das novidades e promo\u00e7\u00f5es.<\/p><a href=\"https:\/\/www.facebook.com\/soeleganciaeventos\" target=\"_blank\" rel=\"noopener\" class=\"\">\nFacebook\n<\/a><a href=\"https:\/\/www.instagram.com\/soeleganciaeventos\" target=\"_blank\" rel=\"noopener\" class=\"\">\nInstagram\n<\/a><iframe  title=\"Rua Gladiolo, 203 - Monte Castelo, S\u00e3o Jos\u00e9 dos Campos - SP, 12215-450\" src=\"https:\/\/maps.google.com\/maps?q=Rua%20Gladiolo%2C%20203%20-%20Monte%20Castelo%2C%20S%C3%A3o%20Jos%C3%A9%20dos%20Campos%20-%20SP%2C%2012215-450&amp;t=m&amp;z=10&amp;output=embed&amp;iwloc=near\" frameborder=\"0\" marginwidth=\"0\" marginheight=\"0\" scrolling=\"no\" aria-label=\"Rua Gladiolo, 203 - Monte Castelo, S\u00e3o Jos\u00e9 dos Campos - SP, 12215-450\"><\/iframe><ul >\n \t<li >Nosso email&nbsp; cotato@soelegancia.com.br<\/li>\n \t<li >WhatsApp +55 12 97402-4014<\/li>\n<\/ul><a  href=\"https:\/\/api.whatsapp.com\/send?phone=5512974024014&amp;text=&amp;source=&amp;data=\" class=\"\">&nbsp;<\/a>","protected":false},"excerpt":{"rendered":"<p>Quem SomosPioneira na integra\u00e7\u00e3o de servi\u00e7os para eventos sociais, como: Casamentos, Bodas, Formatura e 15 anos em S\u00e3o Jos\u00e9 dos Campos e Regi\u00e3o, o Grupo S\u00f3 Eleg\u00e2ncia oferece: Loca\u00e7\u00e3o de Trajes a Rigor Sal\u00e3o de Festas Dia da NoivaA realiza\u00e7\u00e3o de um sonho \u00e9 o que nos motiva a executar com perfei\u00e7\u00e3o todos os servi\u00e7os&nbsp;&hellip;<\/p>\n","protected":false},"author":1,"featured_media":0,"parent":0,"menu_order":0,"comment_status":"closed","ping_status":"closed","template":"","meta":{"footnotes":""},"class_list":["post-71","page","type-page","status-publish","hentry"],"_links":{"self":[{"href":"http:\/\/www.soelegancia.com.br\/index.php?rest_route=\/wp\/v2\/pages\/71","targetHints":{"allow":["GET"]}}],"collection":[{"href":"http:\/\/www.soelegancia.com.br\/index.php?rest_route=\/wp\/v2\/pages"}],"about":[{"href":"http:\/\/www.soelegancia.com.br\/index.php?rest_route=\/wp\/v2\/types\/page"}],"author":[{"embeddable":true,"href":"http:\/\/www.soelegancia.com.br\/index.php?rest_route=\/wp\/v2\/users\/1"}],"replies":[{"embeddable":true,"href":"http:\/\/www.soelegancia.com.br\/index.php?rest_route=%2Fwp%2Fv2%2Fcomments&post=71"}],"version-history":[{"count":464,"href":"http:\/\/www.soelegancia.com.br\/index.php?rest_route=\/wp\/v2\/pages\/71\/revisions"}],"predecessor-version":[{"id":687,"href":"http:\/\/www.soelegancia.com.br\/index.php?rest_route=\/wp\/v2\/pages\/71\/revisions\/687"}],"wp:attachment":[{"href":"http:\/\/www.soelegancia.com.br\/index.php?rest_route=%2Fwp%2Fv2%2Fmedia&parent=71"}],"curies":[{"name":"wp","href":"https:\/\/api.w.org\/{rel}","templated":true}]}}